{"id":1871,"date":"2021-04-04T15:25:27","date_gmt":"2021-04-04T14:25:27","guid":{"rendered":"http:\/\/fundacionmargaritabocio.org\/fes-un-donatiu\/"},"modified":"2021-04-04T22:40:43","modified_gmt":"2021-04-04T21:40:43","slug":"fes-un-donatiu","status":"publish","type":"page","link":"http:\/\/fundacionmargaritabocio.org\/ca\/fes-un-donatiu\/","title":{"rendered":"Fes un donatiu"},"content":{"rendered":"\n<style type=\"text\/css\" data-created_by=\"avia_inline_auto\" id=\"style-css-av-kmypvekb-928f130804ef63459bd55d205b1b5bc8\">\n.avia-section.av-kmypvekb-928f130804ef63459bd55d205b1b5bc8 .av-parallax .av-parallax-inner{\nbackground-repeat:no-repeat;\nbackground-image:url(http:\/\/fundacionmargaritabocio.org\/wp-content\/uploads\/2021\/03\/arrangement-art-artist-artistic-artwork-childhood-1437969-pxhere.com_-1030x579.jpg);\nbackground-position:50% 50%;\nbackground-attachment:scroll;\n}\n.avia-section.av-kmypvekb-928f130804ef63459bd55d205b1b5bc8 .av-extra-border-element .av-extra-border-inner{\nbackground-color:#ffffff;\n}\n<\/style>\n<div id='av_section_1'  class='avia-section av-kmypvekb-928f130804ef63459bd55d205b1b5bc8 main_color avia-section-default avia-no-border-styling  avia-builder-el-0  el_before_av_section  avia-builder-el-first  avia-full-stretch av-parallax-section avia-bg-style-parallax av-minimum-height av-minimum-height-50  container_wrap fullsize'  data-section-bg-repeat='stretch' data-av_minimum_height_pc='50'><div class='av-parallax' data-avia-parallax-ratio='0.3' ><div class='av-parallax-inner main_color avia-full-stretch'><\/div><\/div><div class='container av-section-cont-open' ><main  role=\"main\" itemprop=\"mainContentOfPage\"  class='template-page content  av-content-full alpha units'><div class='post-entry post-entry-type-page post-entry-1871'><div class='entry-content-wrapper clearfix'>\n\n<style type=\"text\/css\" data-created_by=\"avia_inline_auto\" id=\"style-css-av-kmypu6m9-ab76c3f6a813cdf0940960131929f17e\">\n#top .av-special-heading.av-kmypu6m9-ab76c3f6a813cdf0940960131929f17e{\npadding-bottom:10px;\ncolor:#000000;\nfont-size:90px;\n}\nbody .av-special-heading.av-kmypu6m9-ab76c3f6a813cdf0940960131929f17e .av-special-heading-tag .heading-char{\nfont-size:25px;\n}\n#top #wrap_all .av-special-heading.av-kmypu6m9-ab76c3f6a813cdf0940960131929f17e .av-special-heading-tag{\nfont-size:90px;\n}\n.av-special-heading.av-kmypu6m9-ab76c3f6a813cdf0940960131929f17e .special-heading-inner-border{\nborder-color:#000000;\n}\n.av-special-heading.av-kmypu6m9-ab76c3f6a813cdf0940960131929f17e .av-subheading{\nfont-size:15px;\n}\n<\/style>\n<div  class='av-special-heading av-kmypu6m9-ab76c3f6a813cdf0940960131929f17e av-special-heading-h3 custom-color-heading blockquote modern-quote modern-centered  avia-builder-el-1  avia-builder-el-no-sibling  av-inherit-size'><h3 class='av-special-heading-tag'  itemprop=\"headline\"  >Fes un donatiu<\/h3><div class=\"special-heading-border\"><div class=\"special-heading-inner-border\"><\/div><\/div><\/div>\n<\/div><\/div><\/main><!-- close content main element --><\/div><div class='av-extra-border-element border-extra-diagonal  '><div class='av-extra-border-outer'><div class='av-extra-border-inner'><\/div><\/div><\/div><\/div><div id='av_section_2'  class='avia-section av-9cwh0-ee6d2afff61c71dc959b6feb6363af76 main_color avia-section-default avia-no-border-styling  avia-builder-el-2  el_after_av_section  avia-builder-el-last  avia-bg-style-scroll container_wrap fullsize'  ><div class='container av-section-cont-open' ><div class='template-page content  av-content-full alpha units'><div class='post-entry post-entry-type-page post-entry-1871'><div class='entry-content-wrapper clearfix'>\n\n<style type=\"text\/css\" data-created_by=\"avia_inline_auto\" id=\"style-css-av-gezuk-85192e63947e4a25a68a13903433433d\">\n.flex_column.av-gezuk-85192e63947e4a25a68a13903433433d{\nborder-radius:0px 0px 0px 0px;\n-webkit-border-radius:0px 0px 0px 0px;\n-moz-border-radius:0px 0px 0px 0px;\n}\n<\/style>\n<div class='flex_column av-gezuk-85192e63947e4a25a68a13903433433d av_one_half  avia-builder-el-3  el_before_av_one_half  avia-builder-el-first  first flex_column_div av-zero-column-padding '   ><p>\n<style type=\"text\/css\" data-created_by=\"avia_inline_auto\" id=\"style-css-av-kn2dbkap-410fe08c54594fcc7c23ad34036e2bba\">\n#top .av-special-heading.av-kn2dbkap-410fe08c54594fcc7c23ad34036e2bba{\npadding-bottom:10px;\n}\nbody .av-special-heading.av-kn2dbkap-410fe08c54594fcc7c23ad34036e2bba .av-special-heading-tag .heading-char{\nfont-size:25px;\n}\n.av-special-heading.av-kn2dbkap-410fe08c54594fcc7c23ad34036e2bba .av-subheading{\nfont-size:15px;\n}\n<\/style>\n<div  class='av-special-heading av-kn2dbkap-410fe08c54594fcc7c23ad34036e2bba av-special-heading-h4 blockquote modern-quote  avia-builder-el-4  el_before_av_textblock  avia-builder-el-first '><h4 class='av-special-heading-tag'  itemprop=\"headline\"  >Un petit gest compta<\/h4><div class=\"special-heading-border\"><div class=\"special-heading-inner-border\"><\/div><\/div><\/div><br \/>\n<section  class='av_textblock_section av-8cjtw-da6fa9f77653bc6689c80f7db058e7bf'  itemscope=\"itemscope\" itemtype=\"https:\/\/schema.org\/CreativeWork\" ><div class='avia_textblock'  itemprop=\"text\" ><p>Moltes gr\u00e0cies pel teu inter\u00e8s en col\u00b7laborar amb Fundaci\u00f3 Margarita Bocio. La teva contribuci\u00f3 \u00e9s important perqu\u00e8 les ajudes puguin arribar encara a m\u00e9s nens. Pots col\u00b7laborar amb nosaltres de moltes maneres.<\/p>\n<ul>\n<li>Amb una transfer\u00e8ncia a:<\/li>\n<\/ul>\n<blockquote>\n<p>Fundaci\u00f3 Privada Margarita Bocio<br \/>\nES06 0081 0194 2800 0140 5548<\/p>\n<\/blockquote>\n<ul>\n<li>Amb un donatiu PayPal o amb tarjeta de cr\u00e8dit.<\/li>\n<li>Amb una contribuci\u00f3 peri\u00f2dica directament al teu compte bancari.<\/li>\n<\/ul>\n<p>Pots fer servir el formulari d&#8217;aquesta p\u00e0gina per fer el donatiu amb tarjeta o PayPal, aix\u00ed com per definir la teva contribuci\u00f3 peri\u00f2dica. En cada cas et demanarem nom\u00e9s les dades estrictament necess\u00e0ries per a realitzar el donatiu. En cas que vulguis que la Fundaci\u00f3 Margarita Bocio t&#8217;envii un certificat de la donaci\u00f3 necessitarem algunes dades extres. Pots veure aqu\u00ed la <a href=\"http:\/\/fundacionmargaritabocio.org\/ca\/politica-de-privacitat\/\">pol\u00edtica de privacitat i protecci\u00f3 de dades<\/a>.<\/p>\n<\/div><\/section><\/p><\/div>\n<style type=\"text\/css\" data-created_by=\"avia_inline_auto\" id=\"style-css-av-b8ivw-cc983cad926714f3b49e7a068f8aef35\">\n.flex_column.av-b8ivw-cc983cad926714f3b49e7a068f8aef35{\nborder-radius:0px 0px 0px 0px;\n-webkit-border-radius:0px 0px 0px 0px;\n-moz-border-radius:0px 0px 0px 0px;\n}\n<\/style>\n<div class='flex_column av-b8ivw-cc983cad926714f3b49e7a068f8aef35 av_one_half  avia-builder-el-6  el_after_av_one_half  avia-builder-el-last  flex_column_div av-zero-column-padding '   ><section  class='av_textblock_section av-kmzclqfy-71efa9af4be35ac19b8c9dd4e7cdc666'  itemscope=\"itemscope\" itemtype=\"https:\/\/schema.org\/CreativeWork\" ><div class='avia_textblock'  itemprop=\"text\" >\n<div class=\"wpcf7 no-js\" id=\"wpcf7-f1395-o1\" lang=\"es-ES\" dir=\"ltr\">\n<div class=\"screen-reader-response\"><p role=\"status\" aria-live=\"polite\" aria-atomic=\"true\"><\/p> <ul><\/ul><\/div>\n<form action=\"\/ca\/wp-json\/wp\/v2\/pages\/1871#wpcf7-f1395-o1\" method=\"post\" class=\"wpcf7-form init\" aria-label=\"Formulario de contacto\" novalidate=\"novalidate\" data-status=\"init\">\n<div style=\"display: none;\">\n<input type=\"hidden\" name=\"_wpcf7\" value=\"1395\" \/>\n<input type=\"hidden\" name=\"_wpcf7_version\" value=\"5.7.4\" \/>\n<input type=\"hidden\" name=\"_wpcf7_locale\" value=\"es_ES\" \/>\n<input type=\"hidden\" name=\"_wpcf7_unit_tag\" value=\"wpcf7-f1395-o1\" \/>\n<input type=\"hidden\" name=\"_wpcf7_container_post\" value=\"0\" \/>\n<input type=\"hidden\" name=\"_wpcf7_posted_data_hash\" value=\"\" \/>\n<input type=\"hidden\" name=\"_wpcf7cf_hidden_group_fields\" value=\"[]\" \/>\n<input type=\"hidden\" name=\"_wpcf7cf_hidden_groups\" value=\"[]\" \/>\n<input type=\"hidden\" name=\"_wpcf7cf_visible_groups\" value=\"[]\" \/>\n<input type=\"hidden\" name=\"_wpcf7cf_repeaters\" value=\"[]\" \/>\n<input type=\"hidden\" name=\"_wpcf7cf_steps\" value=\"{}\" \/>\n<input type=\"hidden\" name=\"_wpcf7cf_options\" value=\"{&quot;form_id&quot;:1395,&quot;conditions&quot;:[{&quot;then_field&quot;:&quot;PagoPeriodico&quot;,&quot;and_rules&quot;:[{&quot;if_field&quot;:&quot;Tipodepago&quot;,&quot;operator&quot;:&quot;equals&quot;,&quot;if_value&quot;:&quot;Pago peri\\u00f3dico&quot;}]},{&quot;then_field&quot;:&quot;Datos-IRPF&quot;,&quot;and_rules&quot;:[{&quot;if_field&quot;:&quot;certificado-irpf&quot;,&quot;operator&quot;:&quot;equals&quot;,&quot;if_value&quot;:&quot;Solicito certificado para IRPF&quot;}]},{&quot;then_field&quot;:&quot;PagoUnico&quot;,&quot;and_rules&quot;:[{&quot;if_field&quot;:&quot;Tipodepago&quot;,&quot;operator&quot;:&quot;equals&quot;,&quot;if_value&quot;:&quot;Pago \\u00fanico&quot;}]}],&quot;settings&quot;:{&quot;animation&quot;:&quot;yes&quot;,&quot;animation_intime&quot;:200,&quot;animation_outtime&quot;:200,&quot;conditions_ui&quot;:&quot;normal&quot;,&quot;notice_dismissed&quot;:false}}\" \/>\n<\/div>\n<div class=\"flex_column av_one_third first\">\n\t<p><label> Nombre <span class=\"wpcf7-form-control-wrap\" data-name=\"tu-nombre\"><input size=\"40\" class=\"wpcf7-form-control wpcf7-text wpcf7-validates-as-required\" aria-required=\"true\" aria-invalid=\"false\" value=\"\" type=\"text\" name=\"tu-nombre\" \/><\/span><br \/>\n<\/label>\n\t<\/p>\n<\/div>\n<div class=\"flex_column av_two_third\">\n\t<p><label> Apellidos <span class=\"wpcf7-form-control-wrap\" data-name=\"tu-apellido\"><input size=\"40\" class=\"wpcf7-form-control wpcf7-text wpcf7-validates-as-required\" aria-required=\"true\" aria-invalid=\"false\" value=\"\" type=\"text\" name=\"tu-apellido\" \/><\/span><br \/>\n<\/label>\n\t<\/p>\n<\/div>\n<div class=\"flex_column av_one_full\">\n\t<p><label> Correo electr\u00f3nico <span class=\"wpcf7-form-control-wrap\" data-name=\"tu-email\"><input size=\"40\" class=\"wpcf7-form-control wpcf7-text wpcf7-email wpcf7-validates-as-required wpcf7-validates-as-email\" aria-required=\"true\" aria-invalid=\"false\" value=\"\" type=\"email\" name=\"tu-email\" \/><\/span><br \/>\n<\/label><br \/>\n<label> Escoge tu aportaci\u00f3n <span class=\"wpcf7-form-control-wrap\" data-name=\"Tipodepago\"><select class=\"wpcf7-form-control wpcf7-select wpcf7-validates-as-required\" aria-required=\"true\" aria-invalid=\"false\" name=\"Tipodepago\"><option value=\"Pago \u00fanico\">Pago \u00fanico<\/option><option value=\"Pago peri\u00f3dico\">Pago peri\u00f3dico<\/option><\/select><\/span><br \/>\n<\/label>\n\t<\/p>\n\t<div data-id=\"PagoUnico\" data-orig_data_id=\"PagoUnico\" data-clear_on_hide data-class=\"wpcf7cf_group\">\n\t\t<p>*En el pago \u00fanico la cantidad a donar se indica en la siguiente pantalla, junto a los datos de pago.\n\t\t<\/p>\n\t<\/div>\n\t<div data-id=\"PagoPeriodico\" data-orig_data_id=\"PagoPeriodico\" data-clear_on_hide data-class=\"wpcf7cf_group\">\n\t\t<p><label> Indica el IBAN de la cuenta bancaria a la que domiciliar tu donaci\u00f3n peri\u00f3dica<br \/>\n<span class=\"wpcf7-form-control-wrap\" data-name=\"IBAN\"><input size=\"40\" class=\"wpcf7-form-control wpcf7-text wpcf7-validates-as-required iban\" aria-required=\"true\" aria-invalid=\"false\" value=\"\" type=\"text\" name=\"IBAN\" \/><\/span> <\/label><br \/>\n<label> Cantidad que deseas donar (en \u20ac)<br \/>\n<span class=\"wpcf7-form-control-wrap\" data-name=\"importe-donacion\"><input class=\"wpcf7-form-control wpcf7-number wpcf7-validates-as-required wpcf7-validates-as-number\" min=\"0\" aria-required=\"true\" aria-invalid=\"false\" value=\"\" type=\"number\" name=\"importe-donacion\" \/><\/span> <\/label><br \/>\n<label> Periodicidad<br \/>\n<span class=\"wpcf7-form-control-wrap\" data-name=\"Periodicidad\"><select class=\"wpcf7-form-control wpcf7-select wpcf7-validates-as-required\" aria-required=\"true\" aria-invalid=\"false\" name=\"Periodicidad\"><option value=\"\"><\/option><option value=\"Mensual\">Mensual<\/option><option value=\"Cada 3 meses\">Cada 3 meses<\/option><option value=\"Cada 4 meses\">Cada 4 meses<\/option><option value=\"Cada 6 meses\">Cada 6 meses<\/option><option value=\"Anual\">Anual<\/option><\/select><\/span> <\/label>\n\t\t<\/p>\n\t<\/div>\n\t<p><span class=\"wpcf7-form-control-wrap\" data-name=\"certificado-irpf\"><span class=\"wpcf7-form-control wpcf7-checkbox wpcf7-exclusive-checkbox alinear-acceptance\"><span class=\"wpcf7-list-item first last\"><label><input type=\"checkbox\" name=\"certificado-irpf\" value=\"Solicito certificado para IRPF\" \/><span class=\"wpcf7-list-item-label\">Solicito certificado para IRPF<\/span><\/label><\/span><\/span><\/span>\n\t<\/p>\n\t<div data-id=\"Datos-IRPF\" data-orig_data_id=\"Datos-IRPF\" data-clear_on_hide data-class=\"wpcf7cf_group\">\n\t\t<p><label> NIF<br \/>\n<span class=\"wpcf7-form-control-wrap\" data-name=\"NIF\"><input size=\"40\" class=\"wpcf7-form-control wpcf7-text wpcf7-validates-as-required\" aria-required=\"true\" aria-invalid=\"false\" value=\"\" type=\"text\" name=\"NIF\" \/><\/span> <\/label><br \/>\n<label> Domicilio<br \/>\n<span class=\"wpcf7-form-control-wrap\" data-name=\"Domicilio\"><input size=\"40\" class=\"wpcf7-form-control wpcf7-text wpcf7-validates-as-required\" aria-required=\"true\" aria-invalid=\"false\" value=\"\" type=\"text\" name=\"Domicilio\" \/><\/span> <\/label>\n\t\t<\/p>\n\t\t<div class=\"flex_column av_one_third first\">\n\t\t\t<p><label> C\u00f3digo Postal<br \/>\n<span class=\"wpcf7-form-control-wrap\" data-name=\"CP\"><input class=\"wpcf7-form-control wpcf7-number wpcf7-validates-as-required wpcf7-validates-as-number\" aria-required=\"true\" aria-invalid=\"false\" value=\"\" type=\"number\" name=\"CP\" \/><\/span> <\/label>\n\t\t\t<\/p>\n\t\t<\/div>\n\t\t<div class=\"flex_column av_two_third\">\n\t\t\t<p><label> Poblaci\u00f3n<br \/>\n<span class=\"wpcf7-form-control-wrap\" data-name=\"Poblacion\"><input size=\"40\" class=\"wpcf7-form-control wpcf7-text wpcf7-validates-as-required\" aria-required=\"true\" aria-invalid=\"false\" value=\"\" type=\"text\" name=\"Poblacion\" \/><\/span> <\/label>\n\t\t\t<\/p>\n\t\t<\/div>\n\t\t<p><label> Provincia<br \/>\n<span class=\"wpcf7-form-control-wrap\" data-name=\"Provincia\"><input size=\"40\" class=\"wpcf7-form-control wpcf7-text wpcf7-validates-as-required\" aria-required=\"true\" aria-invalid=\"false\" value=\"\" type=\"text\" name=\"Provincia\" \/><\/span> <\/label>\n\t\t<\/p>\n\t<\/div>\n\t<p><span class=\"wpcf7-form-control-wrap\" data-name=\"acceptance-LOPD\"><span class=\"wpcf7-form-control wpcf7-acceptance\"><span class=\"wpcf7-list-item\"><label><input type=\"checkbox\" name=\"acceptance-LOPD\" value=\"1\" aria-invalid=\"false\" \/><span class=\"wpcf7-list-item-label\">He le\u00eddo y acepto los <a href=\"http:\/\/fundacionmargaritabocio.org\/es\/politica-de-privacidad\/\" target=\"_blank\" rel=\"noopener\"> t\u00e9rminos y condiciones<\/a><\/span><\/label><\/span><\/span><\/span>\n\t<\/p>\n\t<p><input class=\"wpcf7-form-control has-spinner wpcf7-submit\" type=\"submit\" value=\"Enviar\" \/><br \/>\n\t<div class=\"wpcf7-response-output\" aria-hidden=\"true\"><\/div>\n\t<\/p>\n<\/div>\n<\/form>\n<\/div>\n\n<\/div><\/section><\/div><\/p>\n","protected":false},"excerpt":{"rendered":"","protected":false},"author":2,"featured_media":0,"parent":0,"menu_order":0,"comment_status":"closed","ping_status":"closed","template":"","meta":{"footnotes":""},"class_list":["post-1871","page","type-page","status-publish","hentry"],"_links":{"self":[{"href":"http:\/\/fundacionmargaritabocio.org\/ca\/wp-json\/wp\/v2\/pages\/1871","targetHints":{"allow":["GET"]}}],"collection":[{"href":"http:\/\/fundacionmargaritabocio.org\/ca\/wp-json\/wp\/v2\/pages"}],"about":[{"href":"http:\/\/fundacionmargaritabocio.org\/ca\/wp-json\/wp\/v2\/types\/page"}],"author":[{"embeddable":true,"href":"http:\/\/fundacionmargaritabocio.org\/ca\/wp-json\/wp\/v2\/users\/2"}],"replies":[{"embeddable":true,"href":"http:\/\/fundacionmargaritabocio.org\/ca\/wp-json\/wp\/v2\/comments?post=1871"}],"version-history":[{"count":10,"href":"http:\/\/fundacionmargaritabocio.org\/ca\/wp-json\/wp\/v2\/pages\/1871\/revisions"}],"predecessor-version":[{"id":1969,"href":"http:\/\/fundacionmargaritabocio.org\/ca\/wp-json\/wp\/v2\/pages\/1871\/revisions\/1969"}],"wp:attachment":[{"href":"http:\/\/fundacionmargaritabocio.org\/ca\/wp-json\/wp\/v2\/media?parent=1871"}],"curies":[{"name":"wp","href":"https:\/\/api.w.org\/{rel}","templated":true}]}}