{"id":2159,"date":"2021-04-09T23:20:27","date_gmt":"2021-04-09T22:20:27","guid":{"rendered":"http:\/\/fundacionmargaritabocio.org\/politica-de-cookies\/"},"modified":"2021-04-09T23:23:43","modified_gmt":"2021-04-09T22:23:43","slug":"politica-de-cookies","status":"publish","type":"page","link":"http:\/\/fundacionmargaritabocio.org\/ca\/politica-de-cookies\/","title":{"rendered":"Pol\u00edtica de cookies"},"content":{"rendered":"\n<style type=\"text\/css\" data-created_by=\"avia_inline_auto\" id=\"style-css-av-knasfbct-4958ff96f4e571b8212f919493f605d0\">\n#top .av-special-heading.av-knasfbct-4958ff96f4e571b8212f919493f605d0{\npadding-bottom:10px;\n}\nbody .av-special-heading.av-knasfbct-4958ff96f4e571b8212f919493f605d0 .av-special-heading-tag .heading-char{\nfont-size:25px;\n}\n.av-special-heading.av-knasfbct-4958ff96f4e571b8212f919493f605d0 .av-subheading{\nfont-size:15px;\n}\n<\/style>\n<div  class='av-special-heading av-knasfbct-4958ff96f4e571b8212f919493f605d0 av-special-heading-h3 blockquote modern-quote  avia-builder-el-0  el_before_av_textblock  avia-builder-el-first '><h3 class='av-special-heading-tag'  itemprop=\"headline\"  >POL\u00cdTICA DE COOKIES<\/h3><div class=\"special-heading-border\"><div class=\"special-heading-inner-border\"><\/div><\/div><\/div>\n<section  class='av_textblock_section av-knasbrdc-b6af7d4797c0c33f8a698456ba0aee0a'  itemscope=\"itemscope\" itemtype=\"https:\/\/schema.org\/CreativeWork\" ><div class='avia_textblock'  itemprop=\"text\" ><p>fundacionmargaritabocio.org<\/p>\n<p>L&#8217;acc\u00e9s a aquest lloc web pot implicar la utilitzaci\u00f3 de cookies. Les cookies s\u00f3n petites quantitats d&#8217;informaci\u00f3 que s&#8217;emmagatzemen en el navegador utilitzat per cada usuari -en els diferents dispositius que pugui utilitzar per navegar- perqu\u00e8 el servidor recordi certa informaci\u00f3 que posteriorment i \u00fanicament el servidor que la va implementar llegir\u00e0. Les cookies faciliten la navegaci\u00f3, la fan m\u00e9s amigable, i no malmeten el dispositiu de navegaci\u00f3.<\/p>\n<p>Les cookies s\u00f3n procediments autom\u00e0tics de recollida d&#8217;informaci\u00f3 relativa a les prefer\u00e8ncies determinades per l&#8217;Usuari durant la seva visita a el Lloc Web per tal de recon\u00e8ixer-lo com usuari, i personalitzar la seva experi\u00e8ncia i l&#8217;\u00fas del Lloc Web, i poden tamb\u00e9, per exemple, ajudar a identificar i resoldre errors.<\/p>\n<p>La informaci\u00f3 recollida a trav\u00e9s de les cookies pot incloure la data i hora de visites a el Lloc Web, les p\u00e0gines visionades, el temps que ha estat en el Lloc Web i els llocs visitats just abans i despr\u00e9s de la mateixa. No obstant aix\u00f2, cap galeta permet que aquesta mateixa pugui contactar-se amb el n\u00famero de tel\u00e8fon de l&#8217;Usuari o amb qualsevol altre mitj\u00e0 de contacte personal. Cap cookie pot extreure informaci\u00f3 del disc dur de l&#8217;Usuari o robar informaci\u00f3 personal. L&#8217;\u00fanica manera que la informaci\u00f3 privada d&#8217;l&#8217;Usuari formi part de l&#8217;arxiu Cookie \u00e9s que l&#8217;usuari doni personalment aquesta informaci\u00f3 a servidor.<\/p>\n<p>Les cookies que permeten identificar una persona es consideren dades personals Per tant, a les mateixes els ser\u00e0 d&#8217;aplicaci\u00f3 la Pol\u00edtica de Privacitat anteriorment descrita. En aquest sentit, per a la utilitzaci\u00f3 de les mateixes ser\u00e0 necessari el consentiment de l&#8217;Usuari. Aquest consentiment s&#8217;ha de comunicar, d&#8217;acord amb una elecci\u00f3 aut\u00e8ntica, ofert mitjan\u00e7ant una decisi\u00f3 afirmativa i positiva, abans de l&#8217;tractament inicial, removible i documentat.<\/p>\n<p><strong>Cookies pr\u00f2pies<\/strong><\/p>\n<p>S\u00f3n aquelles cookies que s\u00f3n a l&#8217;ordinador o dispositiu de l&#8217;Usuari i gestionades exclusivament per Fundaci\u00f3 Margarita Bocio per al millor funcionament del Lloc Web. La informaci\u00f3 que es recull s&#8217;empra per millorar la qualitat del Lloc Web i el seu contingut i la seva experi\u00e8ncia com a Usuari. Aquestes cookies permeten recon\u00e8ixer a l&#8217;Usuari com a visitant recurrent del Lloc Web i adaptar el contingut per oferir-continguts que s&#8217;ajustin a les seves prefer\u00e8ncies.<\/p>\n<p><strong>Cookies de tercers<\/strong><\/p>\n<p>S\u00f3n cookies utilitzades i gestionades per entitats externes que proporcionen a Fundaci\u00f3 Margarita Bocio serveis sol\u00b7licitats per aquest mateix per millorar el lloc web i l&#8217;experi\u00e8ncia de l&#8217;usuari a l&#8217;navegar en el Lloc Web. Els principals objectius per als quals s&#8217;utilitzen cookies de tercers s\u00f3n l&#8217;obtenci\u00f3 d&#8217;estad\u00edstiques d&#8217;accessos i analitzar la informaci\u00f3 de la navegaci\u00f3, \u00e9s a dir, com interactua l&#8217;usuari amb el Lloc Web.<\/p>\n<p>La informaci\u00f3 que s&#8217;obt\u00e9 es refereix, per exemple, a el nombre de p\u00e0gines visitades, l&#8217;idioma, el lloc a qu\u00e8 l&#8217;adre\u00e7a IP des del qual accedeix l&#8217;Usuari, el nombre d&#8217;usuaris que accedeixen, la freq\u00fc\u00e8ncia i reincid\u00e8ncia de les visites, el temps de visita, el navegador que fan servir, l&#8217;operador o tipus de dipositivo des del qual es realitza la visita. Aquesta informaci\u00f3 s&#8217;utilitza per millorar el Lloc Web, i detectar noves necessitats per oferir als Usuaris un Contingut i \/ o servei d&#8217;\u00f2ptima qualitat. En tot cas, la informaci\u00f3 es recopila de forma an\u00f2nima i s&#8217;elaboren informes de tend\u00e8ncies del Lloc Web sense identificar a usuaris individuals.<\/p>\n<p>Podeu obtenir m\u00e9s informaci\u00f3 sobre les cookies, la informaci\u00f3 sobre la privacitat, o consultar la descripci\u00f3 de l&#8217;tipus de cookies que s&#8217;utilitza, les seves principals caracter\u00edstiques, per\u00edode d&#8217;expiraci\u00f3, etc. en el seg\u00fcent (s) enlla\u00e7 (os):<\/p>\n<p>Google Analytics: https:\/\/developers.google.com\/analytics\/<\/p>\n<p>La (o les) entitat (s) encarregada (es) del subministrament de cookies podr\u00e0 (n) cedir aquesta informaci\u00f3 a tercers, sempre que ho exigeixi la llei o sigui un tercer el que processi aquesta informaci\u00f3 per a aquestes entitats.<\/p>\n<p><strong>Cookies de xarxes socials<\/strong><\/p>\n<p>Fundaci\u00f3 Margarita Bocio incorpora connectors de xarxes socials, que permeten accedir-hi a partir del Lloc Web. Per aquesta ra\u00f3, les cookies de xarxes socials poden emmagatzemar al navegador de l&#8217;Usuari. Per aquesta ra\u00f3, les cookies de xarxes socials poden emmagatzemar al navegador de l&#8217;Usuari. Els titulars d&#8217;aquestes xarxes socials disposen de les seves pr\u00f2pies pol\u00edtiques de protecci\u00f3 de dades i de cookies, sent ells mateixos, en cada cas, responsables dels seus propis fitxers i de les seves pr\u00f2pies pr\u00e0ctiques de privacitat. L&#8217;Usuari ha de referir-se a les mateixes per a informar-se sobre aquestes cookies i, si escau, de l&#8217;tractament de les seves dades personals. \u00danicament a t\u00edtol informatiu s&#8217;indiquen a continuaci\u00f3 els enlla\u00e7os en els quals es poden consultar aquestes pol\u00edtiques de privacitat i \/ o de cookies:<\/p>\n<p style=\"padding-left: 40px;\">Facebook: https:\/\/www.facebook.com\/policies\/cookies\/<br \/>\nTwitter: https:\/\/twitter.com\/es\/privacy<br \/>\nInstagram: https:\/\/help.instagram.com\/1896641480634370?ref=ig<br \/>\nYouTube: https:\/\/policies.google.com\/privacy?hl=es-419&amp;gl=mx<br \/>\nPinterest: https:\/\/policy.pinterest.com\/es\/privacy-policy<br \/>\nLinkedIn: https:\/\/www.linkedin.com\/legal\/cookie-policy?trk=hp-cookies<\/p>\n<p><strong>Desactivar, rebutjar i eliminar cookies<\/strong><\/p>\n<p>L&#8217;usuari pot desactivar, rebutjar i eliminar les cookies -total o parcialment- instal\u00b7lades en el seu dispositiu mitjan\u00e7ant la configuraci\u00f3 del seu navegador (entre els quals es troben, per exemple, Chrome, Firefox, Safari, Explorer). En aquest sentit, els procediments per rebutjar i eliminar les cookies poden diferir d&#8217;un navegador d&#8217;Internet a un altre. En conseq\u00fc\u00e8ncia, l&#8217;Usuari ha d&#8217;anar a les instruccions facilitades pel propi navegador d&#8217;Internet que utilitzeu. En el cas que rebutgi l&#8217;\u00fas de cookies -total o parcialment- podr\u00e0 seguir utilitzant el Lloc Web, si b\u00e9 podr\u00e0 tenir limitada la utilitzaci\u00f3 d&#8217;algunes de les prestacions de la mateixa.<\/p>\n<\/div><\/section>\n","protected":false},"excerpt":{"rendered":"","protected":false},"author":2,"featured_media":0,"parent":0,"menu_order":0,"comment_status":"closed","ping_status":"closed","template":"","meta":{"footnotes":""},"class_list":["post-2159","page","type-page","status-publish","hentry"],"_links":{"self":[{"href":"http:\/\/fundacionmargaritabocio.org\/ca\/wp-json\/wp\/v2\/pages\/2159","targetHints":{"allow":["GET"]}}],"collection":[{"href":"http:\/\/fundacionmargaritabocio.org\/ca\/wp-json\/wp\/v2\/pages"}],"about":[{"href":"http:\/\/fundacionmargaritabocio.org\/ca\/wp-json\/wp\/v2\/types\/page"}],"author":[{"embeddable":true,"href":"http:\/\/fundacionmargaritabocio.org\/ca\/wp-json\/wp\/v2\/users\/2"}],"replies":[{"embeddable":true,"href":"http:\/\/fundacionmargaritabocio.org\/ca\/wp-json\/wp\/v2\/comments?post=2159"}],"version-history":[{"count":4,"href":"http:\/\/fundacionmargaritabocio.org\/ca\/wp-json\/wp\/v2\/pages\/2159\/revisions"}],"predecessor-version":[{"id":2168,"href":"http:\/\/fundacionmargaritabocio.org\/ca\/wp-json\/wp\/v2\/pages\/2159\/revisions\/2168"}],"wp:attachment":[{"href":"http:\/\/fundacionmargaritabocio.org\/ca\/wp-json\/wp\/v2\/media?parent=2159"}],"curies":[{"name":"wp","href":"https:\/\/api.w.org\/{rel}","templated":true}]}}