{"id":1862,"date":"2021-04-04T01:19:45","date_gmt":"2021-04-04T00:19:45","guid":{"rendered":"http:\/\/fundacionmargaritabocio.org\/inici\/"},"modified":"2021-11-23T23:37:50","modified_gmt":"2021-11-23T22:37:50","slug":"inici","status":"publish","type":"page","link":"https:\/\/fundacionmargaritabocio.org\/ca\/","title":{"rendered":"Inici"},"content":{"rendered":"<div id='full_slider_1'  class='avia-fullwidth-slider main_color avia-shadow   avia-builder-el-0  el_before_av_section  avia-builder-el-first   container_wrap fullsize'  >\n<style type=\"text\/css\" data-created_by=\"avia_inline_auto\" id=\"style-css-av-kmfazdx2-8c6647f55cb21360cb694c6e9ae5b7b4\">\n#top #wrap_all .avia-slideshow .av-slideshow-caption.av-kmfazdx2-8c6647f55cb21360cb694c6e9ae5b7b4__0 .avia-caption-title{\nfont-size:90px;\n}\n#top .avia-slideshow .av-slideshow-caption.av-kmfazdx2-8c6647f55cb21360cb694c6e9ae5b7b4__0 .avia-caption-content{\nfont-size:30px;\n}\n#top .avia-slideshow .av-slideshow-caption.av-kmfazdx2-8c6647f55cb21360cb694c6e9ae5b7b4__0 .avia-caption-content p{\nfont-size:30px;\n}\n#top #wrap_all .avia-slideshow .av-slideshow-caption.av-kmfazdx2-8c6647f55cb21360cb694c6e9ae5b7b4__3 .avia-caption-title{\nfont-size:90px;\n}\n#top .avia-slideshow .av-slideshow-caption.av-kmfazdx2-8c6647f55cb21360cb694c6e9ae5b7b4__3 .avia-caption-content{\nfont-size:30px;\n}\n#top .avia-slideshow .av-slideshow-caption.av-kmfazdx2-8c6647f55cb21360cb694c6e9ae5b7b4__3 .avia-caption-content p{\nfont-size:30px;\n}\n<\/style>\n<div  class='avia-slideshow av-kmfazdx2-8c6647f55cb21360cb694c6e9ae5b7b4 av-control-hidden avia-slideshow-featured_large av_slideshow_full avia-fade-slider av-default-height-applied   avia-slideshow-1'  data-size='featured_large'  data-lightbox_size='large'  data-animation='fade'  data-conditional_play=''  data-ids='835,817,811,'  data-video_counter='1'  data-autoplay='true'  data-bg_slider='false'  data-slide_height=''  data-handle='av_slideshow_full'  data-interval='5'  data-class=''  data-extra_class=' '  data-el_id=''  data-css_id=''  data-scroll_down=''  data-control_layout='av-control-hidden'  data-custom_markup=''  data-perma_caption='aviaTBperma_caption'  data-autoplay_stopper=''  data-image_attachment=''  data-min_height='600px'  data-lazy_loading='disabled'  data-default-height='42'  data-stretch=''  data-src=''  data-position='top left'  data-repeat='no-repeat'  data-attach='scroll'  data-img_scrset=''  data-av-desktop-hide=''  data-av-medium-hide=''  data-av-small-hide=''  data-av-mini-hide=''  data-id=''  data-custom_class=''  data-template_class=''  data-av_uid='av-kmfazdx2'  data-sc_version='1.0'  data-heading_tag=''  data-heading_class=''  data-caption_override='&lt;div class=&#039;av-slideshow-caption av-kmfazdx2-8c6647f55cb21360cb694c6e9ae5b7b4__0 caption_fullwidth caption_center&#039;&gt;&lt;div class=&quot;container caption_container&quot;&gt;&lt;div class=&quot;slideshow_caption&quot;&gt;&lt;div class=&quot;slideshow_inner_caption&quot;&gt;&lt;div class=&quot;slideshow_align_caption&quot;&gt;&lt;h2 class=&#039;avia-caption-title &#039;  itemprop=&quot;name&quot; &gt;Fundaci\u00f3n Margarita Bocio&lt;\/h2&gt;&lt;div class=&#039;avia-caption-content &#039;  itemprop=&quot;description&quot; &gt;&lt;p&gt;Ajuda a la inf\u00e0ncia&lt;\/p&gt;\n&lt;\/div&gt;&lt;a href=&#039;https:\/\/fundacionmargaritabocio.org\/es\/quienes-somos\/&#039;  class=&#039;avia-slideshow-button avia-button avia-color-light avia-multi-slideshow-button&#039; data-duration=&#039;800&#039; data-easing=&#039;easeInOutQuad&#039;&gt;Qui som&lt;\/a&gt;&lt;a href=&#039;https:\/\/fundacionmargaritabocio.org\/es\/que-hacemos\/&#039;  class=&#039;avia-slideshow-button avia-button avia-color-theme-color avia-multi-slideshow-button avia-slideshow-button-2&#039; data-duration=&#039;800&#039; data-easing=&#039;easeInOutQuad&#039;&gt;Qu\u00e8 fem&lt;\/a&gt;&lt;\/div&gt;&lt;\/div&gt;&lt;\/div&gt;&lt;\/div&gt;&lt;\/div&gt;'  data-min_width='1429px'   itemprop=\"image\" itemscope=\"itemscope\" itemtype=\"https:\/\/schema.org\/ImageObject\" ><ul class='avia-slideshow-inner ' style='padding-bottom: 42%;'><li  class='avia-slideshow-slide av-kmfazdx2-8c6647f55cb21360cb694c6e9ae5b7b4__0  slide-1 ' ><div data-rel='slideshow-1' class='avia-slide-wrap '   ><img decoding=\"async\" class=\"wp-image-836 avia-img-lazy-loading-not-836\"  src=\"https:\/\/fundacionmargaritabocio.org\/wp-content\/uploads\/2021\/03\/person-people-girl-play-color-child-1132520-pxhere.com_-1500x630.jpg\" width=\"1500\" height=\"630\" title='person-people-girl-play-color-child-1132520-pxhere.com' alt=''  itemprop=\"thumbnailUrl\"  style='min-height:600px; min-width:1429px; ' \/><div class=\"av-click-to-play-overlay\"><div class=\"avia_playpause_icon\"><\/div><\/div><\/div><\/li><li  class='avia-slideshow-slide av-kmfazdx2-8c6647f55cb21360cb694c6e9ae5b7b4__1  slide-2 ' ><div data-rel='slideshow-1' class='avia-slide-wrap '   ><img decoding=\"async\" class=\"wp-image-818 avia-img-lazy-loading-not-818\"  src=\"https:\/\/fundacionmargaritabocio.org\/wp-content\/uploads\/2021\/03\/hand-water-creative-texture-purple-petal-1057934-pxhere.com_-1500x630.jpg\" width=\"1500\" height=\"630\" title='hand-water-creative-texture-purple-petal-1057934-pxhere.com' alt=''  itemprop=\"thumbnailUrl\"  style='min-height:600px; min-width:1429px; ' \/><div class=\"av-click-to-play-overlay\"><div class=\"avia_playpause_icon\"><\/div><\/div><\/div><\/li><li  class='avia-slideshow-slide av-kmfazdx2-8c6647f55cb21360cb694c6e9ae5b7b4__2  slide-3 ' ><div data-rel='slideshow-1' class='avia-slide-wrap '   ><img decoding=\"async\" class=\"wp-image-812 avia-img-lazy-loading-not-812\"  src=\"https:\/\/fundacionmargaritabocio.org\/wp-content\/uploads\/2021\/03\/hand-creative-kid-finger-food-color-595255-pxhere.com_-1500x630.jpg\" width=\"1500\" height=\"630\" title='hand-creative-kid-finger-food-color-595255-pxhere.com' alt=''  itemprop=\"thumbnailUrl\"  style='min-height:600px; min-width:1429px; ' \/><div class=\"av-click-to-play-overlay\"><div class=\"avia_playpause_icon\"><\/div><\/div><\/div><\/li><li  data-controls='aviaTBaviaTBvideo_controls' data-mute='aviaTBaviaTBvideo_mute' data-loop='aviaTBaviaTBvideo_loop' data-disable-autoplay=''  data-video-height='134' data-video-toppos='-17' data-video-ratio='2.3809523809524' class='avia-slideshow-slide av-kmfazdx2-8c6647f55cb21360cb694c6e9ae5b7b4__3  av-video-slide  av-video-service-html5  av-hide-video-controls av-mute-video av-loop-video av-mobile-fallback-image  av-video-stretch slide-4 ' ><div data-rel='slideshow-1' class='avia-slide-wrap '    itemprop=\"video\" itemtype=\"https:\/\/schema.org\/VideoObject\" ><div class='av-click-overlay'><\/div><video class='avia_video'  autoplay playsinline loop preload=\"metadata\" muted  id='player_1862_1402913810_1228106913'><source src=\"http:\/\/fundacionmargaritabocio.org\/wp-content\/uploads\/2021\/03\/videoHD.mp4\" type=\"video\/mp4\" \/><\/video><div class='av-section-color-overlay' style='opacity: 0.5; background-color: #595959; '><\/div><div class=\"av-click-to-play-overlay\"><div class=\"avia_playpause_icon\"><\/div><\/div><\/div><\/li><\/ul><div class='avia-slideshow-arrows avia-slideshow-controls' ><a href='#prev' class='prev-slide ' aria-hidden='true' data-av_icon='\ue87c' data-av_iconfont='entypo-fontello'  tabindex='-1'>Anterior<\/a><a href='#next' class='next-slide ' aria-hidden='true' data-av_icon='\ue87d' data-av_iconfont='entypo-fontello'  tabindex='-1'>Seg\u00fcent<\/a><\/div><div class='avia-slideshow-dots avia-slideshow-controls'><a href='#1' class='goto-slide active' >1<\/a><a href='#2' class='goto-slide ' >2<\/a><a href='#3' class='goto-slide ' >3<\/a><a href='#4' class='goto-slide ' >4<\/a><\/div><div class='av-slideshow-caption av-kmfazdx2-8c6647f55cb21360cb694c6e9ae5b7b4__0 caption_fullwidth caption_center'><div class=\"container caption_container\"><div class=\"slideshow_caption\"><div class=\"slideshow_inner_caption\"><div class=\"slideshow_align_caption\"><h2 class='avia-caption-title '  itemprop=\"name\" >Fundaci\u00f3n Margarita Bocio<\/h2><div class='avia-caption-content '  itemprop=\"description\" ><p>Ajuda a la inf\u00e0ncia<\/p>\n<\/div><a href='https:\/\/fundacionmargaritabocio.org\/es\/quienes-somos\/'  class='avia-slideshow-button avia-button avia-color-light avia-multi-slideshow-button' data-duration='800' data-easing='easeInOutQuad'>Qui som<\/a><a href='https:\/\/fundacionmargaritabocio.org\/es\/que-hacemos\/'  class='avia-slideshow-button avia-button avia-color-theme-color avia-multi-slideshow-button avia-slideshow-button-2' data-duration='800' data-easing='easeInOutQuad'>Qu\u00e8 fem<\/a><\/div><\/div><\/div><\/div><\/div><\/div><\/div>\n\n<style type=\"text\/css\" data-created_by=\"avia_inline_auto\" id=\"style-css-av-kmfccz6q-3ec6d875c511da2d4fb9bb0026ff99e3\">\n.avia-section.av-kmfccz6q-3ec6d875c511da2d4fb9bb0026ff99e3{\nbackground-color:#ca0000;\n}\n<\/style>\n<div id='av_section_1'  class='avia-section av-kmfccz6q-3ec6d875c511da2d4fb9bb0026ff99e3 main_color avia-section-default avia-no-border-styling  avia-builder-el-1  el_after_av_slideshow_full  el_before_av_section  avia-bg-style-scroll container_wrap fullsize'  ><div class='container av-section-cont-open' ><div class='template-page content  av-content-full alpha units'><div class='post-entry post-entry-type-page post-entry-1862'><div class='entry-content-wrapper clearfix'>\n<div  class='av_promobox av-kmv5inkw-24a05ddaf2fd523cf28c5420e3007b74 avia-button-yes  avia-builder-el-2  avia-builder-el-no-sibling '><div class='avia-promocontent'><p>La fundaci\u00f3 es sost\u00e9 \u00edntegrament d&#8217;aportacions privades com la teva, no rebem subvencions p\u00fabliques. Col\u00b7labora amb nosaltres!<\/p>\n<\/div><div  class='avia-button-wrap avia-button-right ' >\n<style type=\"text\/css\" data-created_by=\"avia_inline_auto\" id=\"style-css-av-kmv5inkw-f332df8d8ae53f6f4332fe864601fbe7\">\n#top #wrap_all .avia-button.av-kmv5inkw-f332df8d8ae53f6f4332fe864601fbe7{\nbackground-color:#ca0000;\nborder-color:#ca0000;\ncolor:#ffffff;\ntransition:all 0.4s ease-in-out;\n-webkit-transition:all 0.4s ease-in-out;\n-moz-transition:all 0.4s ease-in-out;\n-ms-transition:all 0.4s ease-in-out;\n-o-transition:all 0.4s ease-in-out;\n}\n<\/style>\n<a href='https:\/\/fundacionmargaritabocio.org\/es\/haz-un-donativo\/'  class='avia-button av-kmv5inkw-f332df8d8ae53f6f4332fe864601fbe7 avia-icon_select-no avia-size-large avia-position-right' ><span class='avia_iconbox_title' >Fes un donatiu<\/span><\/a><\/div><\/div>\n<\/div><\/div><\/div><!-- close content main div --><\/div><\/div>\n<style type=\"text\/css\" data-created_by=\"avia_inline_auto\" id=\"style-css-av-anh36s-fbf7d54e7f23d25025dff45d66d5e49d\">\n.avia-section.av-anh36s-fbf7d54e7f23d25025dff45d66d5e49d .av-extra-border-element .av-extra-border-inner{\nbackground-color:#ffffff;\n}\n<\/style>\n<div id='av_section_2'  class='avia-section av-anh36s-fbf7d54e7f23d25025dff45d66d5e49d main_color avia-section-huge avia-no-border-styling  avia-builder-el-3  el_after_av_section  avia-builder-el-last  avia-bg-style-scroll av-arrow-down-section container_wrap fullsize'  ><div class='container av-section-cont-open' ><div class='template-page content  av-content-full alpha units'><div class='post-entry post-entry-type-page post-entry-1862'><div class='entry-content-wrapper clearfix'>\n\n<style type=\"text\/css\" data-created_by=\"avia_inline_auto\" id=\"style-css-av-ajjiqk-a4a5c7c16a47707d426f010433e4aecd\">\n#top .av-special-heading.av-ajjiqk-a4a5c7c16a47707d426f010433e4aecd{\npadding-bottom:0px;\nfont-size:50px;\n}\nbody .av-special-heading.av-ajjiqk-a4a5c7c16a47707d426f010433e4aecd .av-special-heading-tag .heading-char{\nfont-size:25px;\n}\n#top #wrap_all .av-special-heading.av-ajjiqk-a4a5c7c16a47707d426f010433e4aecd .av-special-heading-tag{\nfont-size:50px;\n}\n.av-special-heading.av-ajjiqk-a4a5c7c16a47707d426f010433e4aecd .av-subheading{\nfont-size:15px;\n}\n<\/style>\n<div  class='av-special-heading av-ajjiqk-a4a5c7c16a47707d426f010433e4aecd av-special-heading-h3 blockquote modern-quote modern-centered  avia-builder-el-4  el_before_av_hr  avia-builder-el-first  av-inherit-size'><h3 class='av-special-heading-tag'  itemprop=\"headline\"  >\u00daltimes Not\u00edcies<\/h3><div class=\"special-heading-border\"><div class=\"special-heading-inner-border\"><\/div><\/div><\/div>\n\n<style type=\"text\/css\" data-created_by=\"avia_inline_auto\" id=\"style-css-av-adaolo-77142c1a658bfb3f9edec10e2f333053\">\n#top .hr.av-adaolo-77142c1a658bfb3f9edec10e2f333053{\nmargin-top:15px;\nmargin-bottom:20px;\n}\n.hr.av-adaolo-77142c1a658bfb3f9edec10e2f333053 .hr-inner{\nwidth:50px;\nborder-color:#000000;\nmax-width:45%;\n}\n.hr.av-adaolo-77142c1a658bfb3f9edec10e2f333053 .av-seperator-icon{\ncolor:#d63e2d;\n}\n<\/style>\n<div  class='hr av-adaolo-77142c1a658bfb3f9edec10e2f333053 hr-custom  avia-builder-el-5  el_after_av_heading  el_before_av_blog  hr-center hr-icon-yes'><span class='hr-inner inner-border-av-border-fat'><span class=\"hr-inner-style\"><\/span><\/span><span class='av-seperator-icon' aria-hidden='true' data-av_icon='\ue84d' data-av_iconfont='entypo-fontello'><\/span><span class='hr-inner inner-border-av-border-fat'><span class=\"hr-inner-style\"><\/span><\/span><\/div>\n<div   data-autoplay=''  data-interval='5'  data-animation='fade'  data-show_slide_delay='90'  class='avia-content-slider avia-content-grid-active avia-content-slider1 avia-content-slider-odd  avia-builder-el-6  el_after_av_hr  avia-builder-el-last  '  itemscope=\"itemscope\" itemtype=\"https:\/\/schema.org\/Blog\" ><div class='avia-content-slider-inner'><div class='slide-entry-wrap'><article class='slide-entry flex_column  post-entry post-entry-5420 slide-entry-overview slide-loop-1 slide-parity-odd  av_one_third first real-thumbnail post-format-standard'  itemscope=\"itemscope\" itemtype=\"https:\/\/schema.org\/CreativeWork\" ><a href='https:\/\/fundacionmargaritabocio.org\/ca\/ultimes-collaboracions-de-la-fundacion\/' data-rel='slide-1' class='slide-image' title='\u00daltimes col\u00b7laboracions de la Fundaci\u00f3n'><img decoding=\"async\" width=\"328\" height=\"496\" src=\"https:\/\/fundacionmargaritabocio.org\/wp-content\/uploads\/2025\/08\/AulaMariaFortuny2.jpg\" class=\"wp-image-5412 avia-img-lazy-loading-not-5412 attachment-masonry size-masonry wp-post-image\" alt=\"\" srcset=\"https:\/\/fundacionmargaritabocio.org\/wp-content\/uploads\/2025\/08\/AulaMariaFortuny2.jpg 328w, https:\/\/fundacionmargaritabocio.org\/wp-content\/uploads\/2025\/08\/AulaMariaFortuny2-198x300.jpg 198w\" sizes=\"(max-width: 328px) 100vw, 328px\" \/><\/a><div class='slide-content'><header class=\"entry-content-header\"><h3 class='slide-entry-title entry-title '  itemprop=\"headline\" ><a href='https:\/\/fundacionmargaritabocio.org\/ca\/ultimes-collaboracions-de-la-fundacion\/' title='\u00daltimes col\u00b7laboracions de la Fundaci\u00f3n'>\u00daltimes col\u00b7laboracions de la Fundaci\u00f3n<\/a><\/h3><span class=\"av-vertical-delimiter\"><\/span><\/header><div class=\"slide-meta\"><div class=\"slide-meta-comments\"><a href='https:\/\/fundacionmargaritabocio.org\/ca\/ultimes-collaboracions-de-la-fundacion\/#respond'>0 Comments<\/a><\/div><div class=\"slide-meta-del\">\/<\/div><time class='slide-meta-time updated'  itemprop=\"datePublished\" datetime=\"2025-08-03T18:28:59+01:00\" >3 d'agost de 2025<\/time><\/div><div class='slide-entry-excerpt entry-content'  itemprop=\"text\" >\nLa Fundaci\u00f3n Margarita Bocio ha col\u00b7laborat amb l\u00b4Associaci\u00f3\u2026<\/div><\/div><footer class=\"entry-footer\"><\/footer><span class='hidden'>\n\t\t\t\t<span class='av-structured-data'  itemprop=\"image\" itemscope=\"itemscope\" itemtype=\"https:\/\/schema.org\/ImageObject\" >\n\t\t\t\t\t\t<span itemprop='url'>https:\/\/fundacionmargaritabocio.org\/wp-content\/uploads\/2025\/08\/AulaMariaFortuny2.jpg<\/span>\n\t\t\t\t\t\t<span itemprop='height'>496<\/span>\n\t\t\t\t\t\t<span itemprop='width'>328<\/span>\n\t\t\t\t<\/span>\n\t\t\t\t<span class='av-structured-data'  itemprop=\"publisher\" itemtype=\"https:\/\/schema.org\/Organization\" itemscope=\"itemscope\" >\n\t\t\t\t\t\t<span itemprop='name'>Inma del Rio Bocio<\/span>\n\t\t\t\t\t\t<span itemprop='logo' itemscope itemtype='https:\/\/schema.org\/ImageObject'>\n\t\t\t\t\t\t\t<span itemprop='url'>https:\/\/fundacionmargaritabocio.org\/wp-content\/uploads\/2021\/03\/logo_bg_headerRED-300x138.jpg<\/span>\n\t\t\t\t\t\t <\/span>\n\t\t\t\t<\/span><span class='av-structured-data'  itemprop=\"author\" itemscope=\"itemscope\" itemtype=\"https:\/\/schema.org\/Person\" ><span itemprop='name'>Inma del Rio Bocio<\/span><\/span><span class='av-structured-data'  itemprop=\"datePublished\" datetime=\"2021-04-04T01:19:45+01:00\" >2025-08-03 18:28:59<\/span><span class='av-structured-data'  itemprop=\"dateModified\" itemtype=\"https:\/\/schema.org\/dateModified\" >2025-08-03 18:30:40<\/span><span class='av-structured-data'  itemprop=\"mainEntityOfPage\" itemtype=\"https:\/\/schema.org\/mainEntityOfPage\" ><span itemprop='name'>\u00daltimes col\u00b7laboracions de la Fundaci\u00f3n<\/span><\/span><\/span><\/article><article class='slide-entry flex_column  post-entry post-entry-4445 slide-entry-overview slide-loop-2 slide-parity-even  av_one_third  real-thumbnail post-format-standard'  itemscope=\"itemscope\" itemtype=\"https:\/\/schema.org\/CreativeWork\" ><a href='https:\/\/fundacionmargaritabocio.org\/ca\/balanc-de-lany-2024\/' data-rel='slide-1' class='slide-image' title='Balan\u00e7 de l&#8217;any 2024'><img decoding=\"async\" width=\"682\" height=\"705\" src=\"https:\/\/fundacionmargaritabocio.org\/wp-content\/uploads\/2025\/01\/Agradecimiento-682x705.jpg\" class=\"wp-image-4443 avia-img-lazy-loading-not-4443 attachment-masonry size-masonry wp-post-image\" alt=\"\" srcset=\"https:\/\/fundacionmargaritabocio.org\/wp-content\/uploads\/2025\/01\/Agradecimiento-682x705.jpg 682w, https:\/\/fundacionmargaritabocio.org\/wp-content\/uploads\/2025\/01\/Agradecimiento-290x300.jpg 290w, https:\/\/fundacionmargaritabocio.org\/wp-content\/uploads\/2025\/01\/Agradecimiento-768x794.jpg 768w, https:\/\/fundacionmargaritabocio.org\/wp-content\/uploads\/2025\/01\/Agradecimiento-36x36.jpg 36w, https:\/\/fundacionmargaritabocio.org\/wp-content\/uploads\/2025\/01\/Agradecimiento.jpg 802w\" sizes=\"(max-width: 682px) 100vw, 682px\" \/><\/a><div class='slide-content'><header class=\"entry-content-header\"><h3 class='slide-entry-title entry-title '  itemprop=\"headline\" ><a href='https:\/\/fundacionmargaritabocio.org\/ca\/balanc-de-lany-2024\/' title='Balan\u00e7 de l&#8217;any 2024'>Balan\u00e7 de l&#8217;any 2024<\/a><\/h3><span class=\"av-vertical-delimiter\"><\/span><\/header><div class=\"slide-meta\"><div class=\"slide-meta-comments\"><a href='https:\/\/fundacionmargaritabocio.org\/ca\/balanc-de-lany-2024\/#respond'>0 Comments<\/a><\/div><div class=\"slide-meta-del\">\/<\/div><time class='slide-meta-time updated'  itemprop=\"datePublished\" datetime=\"2025-01-07T00:52:41+01:00\" >7 de gener de 2025<\/time><\/div><div class='slide-entry-excerpt entry-content'  itemprop=\"text\" >\nDurant l'any 2024, hem realitzat ajuts per un total de 33.450,44\u20ac\u2026<\/div><\/div><footer class=\"entry-footer\"><\/footer><span class='hidden'>\n\t\t\t\t<span class='av-structured-data'  itemprop=\"image\" itemscope=\"itemscope\" itemtype=\"https:\/\/schema.org\/ImageObject\" >\n\t\t\t\t\t\t<span itemprop='url'>https:\/\/fundacionmargaritabocio.org\/wp-content\/uploads\/2025\/01\/Agradecimiento.jpg<\/span>\n\t\t\t\t\t\t<span itemprop='height'>829<\/span>\n\t\t\t\t\t\t<span itemprop='width'>802<\/span>\n\t\t\t\t<\/span>\n\t\t\t\t<span class='av-structured-data'  itemprop=\"publisher\" itemtype=\"https:\/\/schema.org\/Organization\" itemscope=\"itemscope\" >\n\t\t\t\t\t\t<span itemprop='name'>Inma del Rio Bocio<\/span>\n\t\t\t\t\t\t<span itemprop='logo' itemscope itemtype='https:\/\/schema.org\/ImageObject'>\n\t\t\t\t\t\t\t<span itemprop='url'>https:\/\/fundacionmargaritabocio.org\/wp-content\/uploads\/2021\/03\/logo_bg_headerRED-300x138.jpg<\/span>\n\t\t\t\t\t\t <\/span>\n\t\t\t\t<\/span><span class='av-structured-data'  itemprop=\"author\" itemscope=\"itemscope\" itemtype=\"https:\/\/schema.org\/Person\" ><span itemprop='name'>Inma del Rio Bocio<\/span><\/span><span class='av-structured-data'  itemprop=\"datePublished\" datetime=\"2021-04-04T01:19:45+01:00\" >2025-01-07 00:52:41<\/span><span class='av-structured-data'  itemprop=\"dateModified\" itemtype=\"https:\/\/schema.org\/dateModified\" >2025-01-07 00:52:41<\/span><span class='av-structured-data'  itemprop=\"mainEntityOfPage\" itemtype=\"https:\/\/schema.org\/mainEntityOfPage\" ><span itemprop='name'>Balan\u00e7 de l&#8217;any 2024<\/span><\/span><\/span><\/article><article class='slide-entry flex_column  post-entry post-entry-3563 slide-entry-overview slide-loop-3 slide-parity-odd  post-entry-last  av_one_third  real-thumbnail post-format-standard'  itemscope=\"itemscope\" itemtype=\"https:\/\/schema.org\/CreativeWork\" ><a href='https:\/\/fundacionmargaritabocio.org\/ca\/dues-alumnes-de-la-salle-reus-collaboren-amb-la-fundacion\/' data-rel='slide-1' class='slide-image' title='Dues alumnes de La Salle Reus col\u00b7laboren amb la Fundaci\u00f3'><img decoding=\"async\" width=\"529\" height=\"705\" src=\"https:\/\/fundacionmargaritabocio.org\/wp-content\/uploads\/2024\/06\/Pulseras-529x705.jpg\" class=\"wp-image-3561 avia-img-lazy-loading-not-3561 attachment-masonry size-masonry wp-post-image\" alt=\"\" srcset=\"https:\/\/fundacionmargaritabocio.org\/wp-content\/uploads\/2024\/06\/Pulseras-529x705.jpg 529w, https:\/\/fundacionmargaritabocio.org\/wp-content\/uploads\/2024\/06\/Pulseras-225x300.jpg 225w, https:\/\/fundacionmargaritabocio.org\/wp-content\/uploads\/2024\/06\/Pulseras-773x1030.jpg 773w, https:\/\/fundacionmargaritabocio.org\/wp-content\/uploads\/2024\/06\/Pulseras-768x1024.jpg 768w, https:\/\/fundacionmargaritabocio.org\/wp-content\/uploads\/2024\/06\/Pulseras-1152x1536.jpg 1152w, https:\/\/fundacionmargaritabocio.org\/wp-content\/uploads\/2024\/06\/Pulseras-1125x1500.jpg 1125w, https:\/\/fundacionmargaritabocio.org\/wp-content\/uploads\/2024\/06\/Pulseras.jpg 1200w\" sizes=\"(max-width: 529px) 100vw, 529px\" \/><\/a><div class='slide-content'><header class=\"entry-content-header\"><h3 class='slide-entry-title entry-title '  itemprop=\"headline\" ><a href='https:\/\/fundacionmargaritabocio.org\/ca\/dues-alumnes-de-la-salle-reus-collaboren-amb-la-fundacion\/' title='Dues alumnes de La Salle Reus col\u00b7laboren amb la Fundaci\u00f3'>Dues alumnes de La Salle Reus col\u00b7laboren amb la Fundaci\u00f3<\/a><\/h3><span class=\"av-vertical-delimiter\"><\/span><\/header><div class=\"slide-meta\"><div class=\"slide-meta-comments\"><a href='https:\/\/fundacionmargaritabocio.org\/ca\/dues-alumnes-de-la-salle-reus-collaboren-amb-la-fundacion\/#respond'>0 Comments<\/a><\/div><div class=\"slide-meta-del\">\/<\/div><time class='slide-meta-time updated'  itemprop=\"datePublished\" datetime=\"2024-06-13T17:19:30+01:00\" >13 de juny de 2024<\/time><\/div><div class='slide-entry-excerpt entry-content'  itemprop=\"text\" >\nDues alumnes de La Salle Reus, Liz Giraldo i Leyre Gonz\u00e1lez,\u2026<\/div><\/div><footer class=\"entry-footer\"><\/footer><span class='hidden'>\n\t\t\t\t<span class='av-structured-data'  itemprop=\"image\" itemscope=\"itemscope\" itemtype=\"https:\/\/schema.org\/ImageObject\" >\n\t\t\t\t\t\t<span itemprop='url'>https:\/\/fundacionmargaritabocio.org\/wp-content\/uploads\/2024\/06\/Pulseras.jpg<\/span>\n\t\t\t\t\t\t<span itemprop='height'>1600<\/span>\n\t\t\t\t\t\t<span itemprop='width'>1200<\/span>\n\t\t\t\t<\/span>\n\t\t\t\t<span class='av-structured-data'  itemprop=\"publisher\" itemtype=\"https:\/\/schema.org\/Organization\" itemscope=\"itemscope\" >\n\t\t\t\t\t\t<span itemprop='name'>Inma del Rio Bocio<\/span>\n\t\t\t\t\t\t<span itemprop='logo' itemscope itemtype='https:\/\/schema.org\/ImageObject'>\n\t\t\t\t\t\t\t<span itemprop='url'>https:\/\/fundacionmargaritabocio.org\/wp-content\/uploads\/2021\/03\/logo_bg_headerRED-300x138.jpg<\/span>\n\t\t\t\t\t\t <\/span>\n\t\t\t\t<\/span><span class='av-structured-data'  itemprop=\"author\" itemscope=\"itemscope\" itemtype=\"https:\/\/schema.org\/Person\" ><span itemprop='name'>Inma del Rio Bocio<\/span><\/span><span class='av-structured-data'  itemprop=\"datePublished\" datetime=\"2021-04-04T01:19:45+01:00\" >2024-06-13 17:19:30<\/span><span class='av-structured-data'  itemprop=\"dateModified\" itemtype=\"https:\/\/schema.org\/dateModified\" >2024-06-13 17:20:57<\/span><span class='av-structured-data'  itemprop=\"mainEntityOfPage\" itemtype=\"https:\/\/schema.org\/mainEntityOfPage\" ><span itemprop='name'>Dues alumnes de La Salle Reus col\u00b7laboren amb la Fundaci\u00f3<\/span><\/span><\/span><\/article><\/div><\/div><\/div>\n<\/p>\n","protected":false},"excerpt":{"rendered":"","protected":false},"author":2,"featured_media":0,"parent":0,"menu_order":0,"comment_status":"closed","ping_status":"closed","template":"","meta":{"footnotes":""},"class_list":["post-1862","page","type-page","status-publish","hentry"],"_links":{"self":[{"href":"https:\/\/fundacionmargaritabocio.org\/ca\/wp-json\/wp\/v2\/pages\/1862","targetHints":{"allow":["GET"]}}],"collection":[{"href":"https:\/\/fundacionmargaritabocio.org\/ca\/wp-json\/wp\/v2\/pages"}],"about":[{"href":"https:\/\/fundacionmargaritabocio.org\/ca\/wp-json\/wp\/v2\/types\/page"}],"author":[{"embeddable":true,"href":"https:\/\/fundacionmargaritabocio.org\/ca\/wp-json\/wp\/v2\/users\/2"}],"replies":[{"embeddable":true,"href":"https:\/\/fundacionmargaritabocio.org\/ca\/wp-json\/wp\/v2\/comments?post=1862"}],"version-history":[{"count":8,"href":"https:\/\/fundacionmargaritabocio.org\/ca\/wp-json\/wp\/v2\/pages\/1862\/revisions"}],"predecessor-version":[{"id":2366,"href":"https:\/\/fundacionmargaritabocio.org\/ca\/wp-json\/wp\/v2\/pages\/1862\/revisions\/2366"}],"wp:attachment":[{"href":"https:\/\/fundacionmargaritabocio.org\/ca\/wp-json\/wp\/v2\/media?parent=1862"}],"curies":[{"name":"wp","href":"https:\/\/api.w.org\/{rel}","templated":true}]}}