{"id":1868,"date":"2021-04-04T15:16:41","date_gmt":"2021-04-04T14:16:41","guid":{"rendered":"http:\/\/fundacionmargaritabocio.org\/donativo_cancel\/"},"modified":"2021-04-04T16:31:09","modified_gmt":"2021-04-04T15:31:09","slug":"donativo_cancel","status":"publish","type":"page","link":"https:\/\/fundacionmargaritabocio.org\/ca\/donativo_cancel\/","title":{"rendered":"Donativo_cancel"},"content":{"rendered":"\n<style type=\"text\/css\" data-created_by=\"avia_inline_auto\" id=\"style-css-av-kn2az3y9-aaffd70e6c1434d3cb39af6bf7f35697\">\n#top .av-special-heading.av-kn2az3y9-aaffd70e6c1434d3cb39af6bf7f35697{\npadding-bottom:10px;\n}\nbody .av-special-heading.av-kn2az3y9-aaffd70e6c1434d3cb39af6bf7f35697 .av-special-heading-tag .heading-char{\nfont-size:25px;\n}\n.av-special-heading.av-kn2az3y9-aaffd70e6c1434d3cb39af6bf7f35697 .av-subheading{\nfont-size:15px;\n}\n<\/style>\n<div  class='av-special-heading av-kn2az3y9-aaffd70e6c1434d3cb39af6bf7f35697 av-special-heading-h3 blockquote modern-quote  avia-builder-el-0  el_before_av_one_half  avia-builder-el-first '><h3 class='av-special-heading-tag'  itemprop=\"headline\"  >Ups, sembla que hi hagut un problema&#8230;<\/h3><div class=\"special-heading-border\"><div class=\"special-heading-inner-border\"><\/div><\/div><\/div>\n\n<style type=\"text\/css\" data-created_by=\"avia_inline_auto\" id=\"style-css-av-4kp6g9-fc43e1919459f3fb8838f064072245da\">\n.flex_column.av-4kp6g9-fc43e1919459f3fb8838f064072245da{\nborder-radius:0px 0px 0px 0px;\n-webkit-border-radius:0px 0px 0px 0px;\n-moz-border-radius:0px 0px 0px 0px;\n}\n<\/style>\n<div class='flex_column av-4kp6g9-fc43e1919459f3fb8838f064072245da av_one_half  avia-builder-el-1  el_after_av_heading  el_before_av_one_half  first flex_column_div av-zero-column-padding '   ><section  class='av_textblock_section av-kn2b3vvo-9eac1f85a9dd4d722dedb606c7d4634c'  itemscope=\"itemscope\" itemtype=\"https:\/\/schema.org\/CreativeWork\" ><div class='avia_textblock'  itemprop=\"text\" ><p>Sembla que el teu donatiu no s&#8217;ha completat correctament. Si us plau, si hi hagut qualsevol problema t\u00e8cnic per fer-lo pots escriure a <a href=\"mailto:info@fundacionmargaritabocio.org\">info@fundacionmargaritabocio.org<\/a> i intentarem solucionar-lo.<\/p>\n<p>En qualsevol cas t&#8217;agra\u00efm el teu inter\u00e8s per la Fundaci\u00f3n Margarita Bocio i et convidem a que ens segueixis visitant en aquesta web per estar assabentat de les activitats d&#8217;ajuda a la inf\u00e0ncia que porta a terme la fundaci\u00f3.<\/p>\n<\/div><\/section><\/div>\n\n<style type=\"text\/css\" data-created_by=\"avia_inline_auto\" id=\"style-css-av-2qg9yx-62c55b947c670f48ef39396e22faf3a8\">\n.flex_column.av-2qg9yx-62c55b947c670f48ef39396e22faf3a8{\nborder-radius:0px 0px 0px 0px;\n-webkit-border-radius:0px 0px 0px 0px;\n-moz-border-radius:0px 0px 0px 0px;\n}\n<\/style>\n<div class='flex_column av-2qg9yx-62c55b947c670f48ef39396e22faf3a8 av_one_half  avia-builder-el-3  el_after_av_one_half  avia-builder-el-last  flex_column_div av-zero-column-padding '   ><style type=\"text\/css\" data-created_by=\"avia_inline_auto\" id=\"style-css-av-kn2b4kgs-6bdd1ce052b62c3a10bcc0a314250c62\">\n.avia-image-container.av-kn2b4kgs-6bdd1ce052b62c3a10bcc0a314250c62 .av-image-caption-overlay-center{\ncolor:#ffffff;\n}\n<\/style>\n<div  class='avia-image-container av-kn2b4kgs-6bdd1ce052b62c3a10bcc0a314250c62 av-styling- avia-align-center  avia-builder-el-4  avia-builder-el-no-sibling '  itemprop=\"image\" itemscope=\"itemscope\" itemtype=\"https:\/\/schema.org\/ImageObject\" ><div class=\"avia-image-container-inner\"><div class=\"avia-image-overlay-wrap\"><img decoding=\"async\" class='wp-image-840 avia-img-lazy-loading-not-840 avia_image' src=\"https:\/\/fundacionmargaritabocio.org\/wp-content\/uploads\/2021\/03\/puzzle-toys-jigsaw-colorful-yellow-red-1587673-pxhere.com_-300x169.jpg\" alt='' title='puzzle-toys-jigsaw-colorful-yellow-red-1587673-pxhere.com'  height=\"169\" width=\"300\"  itemprop=\"thumbnailUrl\" srcset=\"https:\/\/fundacionmargaritabocio.org\/wp-content\/uploads\/2021\/03\/puzzle-toys-jigsaw-colorful-yellow-red-1587673-pxhere.com_-300x169.jpg 300w, https:\/\/fundacionmargaritabocio.org\/wp-content\/uploads\/2021\/03\/puzzle-toys-jigsaw-colorful-yellow-red-1587673-pxhere.com_-1030x579.jpg 1030w, https:\/\/fundacionmargaritabocio.org\/wp-content\/uploads\/2021\/03\/puzzle-toys-jigsaw-colorful-yellow-red-1587673-pxhere.com_-768x432.jpg 768w, https:\/\/fundacionmargaritabocio.org\/wp-content\/uploads\/2021\/03\/puzzle-toys-jigsaw-colorful-yellow-red-1587673-pxhere.com_-1536x864.jpg 1536w, https:\/\/fundacionmargaritabocio.org\/wp-content\/uploads\/2021\/03\/puzzle-toys-jigsaw-colorful-yellow-red-1587673-pxhere.com_-1500x844.jpg 1500w, https:\/\/fundacionmargaritabocio.org\/wp-content\/uploads\/2021\/03\/puzzle-toys-jigsaw-colorful-yellow-red-1587673-pxhere.com_-705x397.jpg 705w, https:\/\/fundacionmargaritabocio.org\/wp-content\/uploads\/2021\/03\/puzzle-toys-jigsaw-colorful-yellow-red-1587673-pxhere.com_.jpg 1920w\" sizes=\"(max-width: 300px) 100vw, 300px\" \/><\/div><\/div><\/div><\/div>\n","protected":false},"excerpt":{"rendered":"","protected":false},"author":2,"featured_media":0,"parent":0,"menu_order":0,"comment_status":"closed","ping_status":"closed","template":"","meta":{"footnotes":""},"class_list":["post-1868","page","type-page","status-publish","hentry"],"_links":{"self":[{"href":"https:\/\/fundacionmargaritabocio.org\/ca\/wp-json\/wp\/v2\/pages\/1868","targetHints":{"allow":["GET"]}}],"collection":[{"href":"https:\/\/fundacionmargaritabocio.org\/ca\/wp-json\/wp\/v2\/pages"}],"about":[{"href":"https:\/\/fundacionmargaritabocio.org\/ca\/wp-json\/wp\/v2\/types\/page"}],"author":[{"embeddable":true,"href":"https:\/\/fundacionmargaritabocio.org\/ca\/wp-json\/wp\/v2\/users\/2"}],"replies":[{"embeddable":true,"href":"https:\/\/fundacionmargaritabocio.org\/ca\/wp-json\/wp\/v2\/comments?post=1868"}],"version-history":[{"count":8,"href":"https:\/\/fundacionmargaritabocio.org\/ca\/wp-json\/wp\/v2\/pages\/1868\/revisions"}],"predecessor-version":[{"id":1892,"href":"https:\/\/fundacionmargaritabocio.org\/ca\/wp-json\/wp\/v2\/pages\/1868\/revisions\/1892"}],"wp:attachment":[{"href":"https:\/\/fundacionmargaritabocio.org\/ca\/wp-json\/wp\/v2\/media?parent=1868"}],"curies":[{"name":"wp","href":"https:\/\/api.w.org\/{rel}","templated":true}]}}