{"id":1752,"date":"2021-04-03T23:18:05","date_gmt":"2021-04-03T22:18:05","guid":{"rendered":"http:\/\/fundacionmargaritabocio.org\/?page_id=1752"},"modified":"2021-04-04T01:13:20","modified_gmt":"2021-04-04T00:13:20","slug":"muchas-gracias","status":"publish","type":"page","link":"https:\/\/fundacionmargaritabocio.org\/es\/muchas-gracias\/","title":{"rendered":"Donativo_gracias"},"content":{"rendered":"\n<style type=\"text\/css\" data-created_by=\"avia_inline_auto\" id=\"style-css-av-kn2av8ny-d13de453d753cc0162c835fecc53177e\">\n#top .av-special-heading.av-kn2av8ny-d13de453d753cc0162c835fecc53177e{\npadding-bottom:10px;\n}\nbody .av-special-heading.av-kn2av8ny-d13de453d753cc0162c835fecc53177e .av-special-heading-tag .heading-char{\nfont-size:25px;\n}\n.av-special-heading.av-kn2av8ny-d13de453d753cc0162c835fecc53177e .av-subheading{\nfont-size:15px;\n}\n<\/style>\n<div  class='av-special-heading av-kn2av8ny-d13de453d753cc0162c835fecc53177e av-special-heading-h3 blockquote modern-quote  avia-builder-el-0  el_before_av_one_half  avia-builder-el-first '><h3 class='av-special-heading-tag'  itemprop=\"headline\"  >Muchas gracias por tu donativo<\/h3><div class=\"special-heading-border\"><div class=\"special-heading-inner-border\"><\/div><\/div><\/div>\n\n<style type=\"text\/css\" data-created_by=\"avia_inline_auto\" id=\"style-css-av-5b9yvc-708b12baae4e213f789a591d84498216\">\n.flex_column.av-5b9yvc-708b12baae4e213f789a591d84498216{\nborder-radius:0px 0px 0px 0px;\n-webkit-border-radius:0px 0px 0px 0px;\n-moz-border-radius:0px 0px 0px 0px;\n}\n<\/style>\n<div class='flex_column av-5b9yvc-708b12baae4e213f789a591d84498216 av_one_half  avia-builder-el-1  el_after_av_heading  el_before_av_one_half  first flex_column_div av-zero-column-padding '   ><section  class='av_textblock_section av-4l7tq0-b2ff247c9ba2ddbc8f7dbbc6e962b7ea'  itemscope=\"itemscope\" itemtype=\"https:\/\/schema.org\/CreativeWork\" ><div class='avia_textblock'  itemprop=\"text\" ><p>Tu generosidad permitir\u00e1 que la Fundaci\u00f3n Margarita Bocio contin\u00fae ayudando a ni\u00f1os con necesidades b\u00e1sicas en nuestro entorno m\u00e1s cercano. Si tienes cualquier duda sobre los programas en los que participa la Fundaci\u00f3n Margarita Bocio puedes revisar la secci\u00f3n de noticas de la web o escribir un correo a <a href=\"mailto:info@fundacionmargaritabocio.org\">info@fundacionmargaritabocio.org<\/a>.<\/p>\n<\/div><\/section><\/div>\n<style type=\"text\/css\" data-created_by=\"avia_inline_auto\" id=\"style-css-av-33e0x4-9ebb09cad1b4207fd5438a83b81bff83\">\n.flex_column.av-33e0x4-9ebb09cad1b4207fd5438a83b81bff83{\nborder-radius:0px 0px 0px 0px;\n-webkit-border-radius:0px 0px 0px 0px;\n-moz-border-radius:0px 0px 0px 0px;\n}\n<\/style>\n<div class='flex_column av-33e0x4-9ebb09cad1b4207fd5438a83b81bff83 av_one_half  avia-builder-el-3  el_after_av_one_half  avia-builder-el-last  flex_column_div av-zero-column-padding '   ><style type=\"text\/css\" data-created_by=\"avia_inline_auto\" id=\"style-css-av-kn2au6bt-ac51b288957a4bc6695479daaf929b21\">\n.avia-image-container.av-kn2au6bt-ac51b288957a4bc6695479daaf929b21 .av-image-caption-overlay-center{\ncolor:#ffffff;\n}\n<\/style>\n<div  class='avia-image-container av-kn2au6bt-ac51b288957a4bc6695479daaf929b21 av-styling- avia-align-center  avia-builder-el-4  avia-builder-el-no-sibling '  itemprop=\"image\" itemscope=\"itemscope\" itemtype=\"https:\/\/schema.org\/ImageObject\" ><div class=\"avia-image-container-inner\"><div class=\"avia-image-overlay-wrap\"><img decoding=\"async\" class='wp-image-821 avia-img-lazy-loading-not-821 avia_image' src=\"https:\/\/fundacionmargaritabocio.org\/wp-content\/uploads\/2021\/03\/light-cloud-sky-air-plastic-flower-783382-pxhere.com_-300x169.jpg\" alt='' title='light-cloud-sky-air-plastic-flower-783382-pxhere.com'  height=\"169\" width=\"300\"  itemprop=\"thumbnailUrl\" srcset=\"https:\/\/fundacionmargaritabocio.org\/wp-content\/uploads\/2021\/03\/light-cloud-sky-air-plastic-flower-783382-pxhere.com_-300x169.jpg 300w, https:\/\/fundacionmargaritabocio.org\/wp-content\/uploads\/2021\/03\/light-cloud-sky-air-plastic-flower-783382-pxhere.com_-1030x579.jpg 1030w, https:\/\/fundacionmargaritabocio.org\/wp-content\/uploads\/2021\/03\/light-cloud-sky-air-plastic-flower-783382-pxhere.com_-768x432.jpg 768w, https:\/\/fundacionmargaritabocio.org\/wp-content\/uploads\/2021\/03\/light-cloud-sky-air-plastic-flower-783382-pxhere.com_-1536x864.jpg 1536w, https:\/\/fundacionmargaritabocio.org\/wp-content\/uploads\/2021\/03\/light-cloud-sky-air-plastic-flower-783382-pxhere.com_-1500x844.jpg 1500w, https:\/\/fundacionmargaritabocio.org\/wp-content\/uploads\/2021\/03\/light-cloud-sky-air-plastic-flower-783382-pxhere.com_-705x397.jpg 705w, https:\/\/fundacionmargaritabocio.org\/wp-content\/uploads\/2021\/03\/light-cloud-sky-air-plastic-flower-783382-pxhere.com_.jpg 1920w\" sizes=\"(max-width: 300px) 100vw, 300px\" \/><\/div><\/div><\/div><\/div><\/p>\n","protected":false},"excerpt":{"rendered":"","protected":false},"author":2,"featured_media":0,"parent":0,"menu_order":0,"comment_status":"closed","ping_status":"closed","template":"","meta":{"footnotes":""},"class_list":["post-1752","page","type-page","status-publish","hentry"],"_links":{"self":[{"href":"https:\/\/fundacionmargaritabocio.org\/es\/wp-json\/wp\/v2\/pages\/1752","targetHints":{"allow":["GET"]}}],"collection":[{"href":"https:\/\/fundacionmargaritabocio.org\/es\/wp-json\/wp\/v2\/pages"}],"about":[{"href":"https:\/\/fundacionmargaritabocio.org\/es\/wp-json\/wp\/v2\/types\/page"}],"author":[{"embeddable":true,"href":"https:\/\/fundacionmargaritabocio.org\/es\/wp-json\/wp\/v2\/users\/2"}],"replies":[{"embeddable":true,"href":"https:\/\/fundacionmargaritabocio.org\/es\/wp-json\/wp\/v2\/comments?post=1752"}],"version-history":[{"count":9,"href":"https:\/\/fundacionmargaritabocio.org\/es\/wp-json\/wp\/v2\/pages\/1752\/revisions"}],"predecessor-version":[{"id":1853,"href":"https:\/\/fundacionmargaritabocio.org\/es\/wp-json\/wp\/v2\/pages\/1752\/revisions\/1853"}],"wp:attachment":[{"href":"https:\/\/fundacionmargaritabocio.org\/es\/wp-json\/wp\/v2\/media?parent=1752"}],"curies":[{"name":"wp","href":"https:\/\/api.w.org\/{rel}","templated":true}]}}