{"id":498,"date":"2021-03-14T16:00:39","date_gmt":"2021-03-14T16:00:39","guid":{"rendered":"http:\/\/fundacionmargaritabocio.org\/?page_id=498"},"modified":"2021-04-04T22:47:17","modified_gmt":"2021-04-04T21:47:17","slug":"contactar","status":"publish","type":"page","link":"https:\/\/fundacionmargaritabocio.org\/es\/contactar\/","title":{"rendered":"Contactar"},"content":{"rendered":"\n<style type=\"text\/css\" data-created_by=\"avia_inline_auto\" id=\"style-css-av-3pt0b8-d303c4bb42c390b6cb801bf2cd63c149\">\n.avia-section.av-3pt0b8-d303c4bb42c390b6cb801bf2cd63c149 .av-parallax .av-parallax-inner{\nbackground-repeat:no-repeat;\nbackground-image:url(https:\/\/fundacionmargaritabocio.org\/wp-content\/uploads\/2021\/03\/notebook-writing-hand-pencil-wood-office-697821-pxhere.com_-1030x579.jpg);\nbackground-position:50% 50%;\nbackground-attachment:scroll;\n}\n.avia-section.av-3pt0b8-d303c4bb42c390b6cb801bf2cd63c149 .av-extra-border-element .av-extra-border-inner{\nbackground-color:#f0f0f0;\n}\n<\/style>\n<div id='av_section_1'  class='avia-section av-3pt0b8-d303c4bb42c390b6cb801bf2cd63c149 main_color avia-section-huge avia-no-border-styling  avia-builder-el-0  el_before_av_section  avia-builder-el-first  avia-full-stretch av-parallax-section avia-bg-style-parallax av-minimum-height av-minimum-height-50  container_wrap fullsize'  data-section-bg-repeat='stretch' data-av_minimum_height_pc='50'><div class='av-parallax' data-avia-parallax-ratio='0.3' ><div class='av-parallax-inner main_color avia-full-stretch'><\/div><\/div><div class='container av-section-cont-open' ><main  role=\"main\" itemprop=\"mainContentOfPage\"  class='template-page content  av-content-full alpha units'><div class='post-entry post-entry-type-page post-entry-498'><div class='entry-content-wrapper clearfix'>\n\n<style type=\"text\/css\" data-created_by=\"avia_inline_auto\" id=\"style-css-av-3lcbl8-8ea584ee117925bc2025bac66164c163\">\n#top .av-special-heading.av-3lcbl8-8ea584ee117925bc2025bac66164c163{\npadding-bottom:0px;\ncolor:#ffffff;\nfont-size:90px;\n}\nbody .av-special-heading.av-3lcbl8-8ea584ee117925bc2025bac66164c163 .av-special-heading-tag .heading-char{\nfont-size:25px;\n}\n#top #wrap_all .av-special-heading.av-3lcbl8-8ea584ee117925bc2025bac66164c163 .av-special-heading-tag{\nfont-size:90px;\n}\n.av-special-heading.av-3lcbl8-8ea584ee117925bc2025bac66164c163 .special-heading-inner-border{\nborder-color:#ffffff;\n}\n.av-special-heading.av-3lcbl8-8ea584ee117925bc2025bac66164c163 .av-subheading{\nfont-size:15px;\n}\n<\/style>\n<div  class='av-special-heading av-3lcbl8-8ea584ee117925bc2025bac66164c163 av-special-heading-h3 custom-color-heading blockquote modern-quote modern-centered  avia-builder-el-1  avia-builder-el-no-sibling  av-inherit-size'><h3 class='av-special-heading-tag'  itemprop=\"headline\"  >Contactar<\/h3><div class=\"special-heading-border\"><div class=\"special-heading-inner-border\"><\/div><\/div><\/div>\n\n<\/div><\/div><\/main><!-- close content main element --><\/div><div class='av-extra-border-element border-extra-diagonal border-extra-diagonal-inverse '><div class='av-extra-border-outer'><div class='av-extra-border-inner'><\/div><\/div><\/div><\/div>\n<style type=\"text\/css\" data-created_by=\"avia_inline_auto\" id=\"style-css-av-3guzpw-99ddc524d76c3ff15110c8bf511c74c9\">\n.avia-section.av-3guzpw-99ddc524d76c3ff15110c8bf511c74c9 .av-extra-border-element .av-extra-border-inner{\nbackground-color:#f0f0f0;\n}\n<\/style>\n<div id='av_section_2'  class='avia-section av-3guzpw-99ddc524d76c3ff15110c8bf511c74c9 alternate_color avia-section-huge avia-no-border-styling  avia-builder-el-2  el_after_av_section  avia-builder-el-last  avia-bg-style-fixed av-arrow-down-section container_wrap fullsize'  ><div class='container av-section-cont-open' ><div class='template-page content  av-content-full alpha units'><div class='post-entry post-entry-type-page post-entry-498'><div class='entry-content-wrapper clearfix'>\n\n<style type=\"text\/css\" data-created_by=\"avia_inline_auto\" id=\"style-css-av-37xze4-50394e567076876e9e49b0d095086246\">\n.flex_column.av-37xze4-50394e567076876e9e49b0d095086246{\nborder-radius:0px 0px 0px 0px;\n-webkit-border-radius:0px 0px 0px 0px;\n-moz-border-radius:0px 0px 0px 0px;\n}\n<\/style>\n<div class='flex_column av-37xze4-50394e567076876e9e49b0d095086246 av_one_half  avia-builder-el-3  el_before_av_one_half  avia-builder-el-first  first flex_column_div av-zero-column-padding '   ><p>\n<style type=\"text\/css\" data-created_by=\"avia_inline_auto\" id=\"style-css-av-307ywk-7a3bad503cfadeae7964048036c53883\">\n#top .av-special-heading.av-307ywk-7a3bad503cfadeae7964048036c53883{\npadding-bottom:10px;\nfont-size:30px;\n}\nbody .av-special-heading.av-307ywk-7a3bad503cfadeae7964048036c53883 .av-special-heading-tag .heading-char{\nfont-size:25px;\n}\n#top #wrap_all .av-special-heading.av-307ywk-7a3bad503cfadeae7964048036c53883 .av-special-heading-tag{\nfont-size:30px;\n}\n.av-special-heading.av-307ywk-7a3bad503cfadeae7964048036c53883 .av-subheading{\nfont-size:15px;\n}\n<\/style>\n<div  class='av-special-heading av-307ywk-7a3bad503cfadeae7964048036c53883 av-special-heading-h3 blockquote modern-quote  avia-builder-el-4  el_before_av_textblock  avia-builder-el-first  av-inherit-size'><h3 class='av-special-heading-tag'  itemprop=\"headline\"  >Muchas gracias por interesarte&#8230;<\/h3><div class=\"special-heading-border\"><div class=\"special-heading-inner-border\"><\/div><\/div><\/div><br \/>\n<section  class='av_textblock_section av-2wo5to-6546df63dcd92898c56ff20bb3ad7ddd'  itemscope=\"itemscope\" itemtype=\"https:\/\/schema.org\/CreativeWork\" ><div class='avia_textblock'  itemprop=\"text\" ><p>Para contactar con la Fundaci\u00f3n Margarita Bocio puedes utilizar este formulario, o si lo prefieres enviar un correo electr\u00f3nico a <a href=\"mailto:info@fundacionmargaritabocio.org\">info@fundacionmargaritabocio.org<\/a><\/p>\n<\/div><\/section><br \/>\n\n<style type=\"text\/css\" data-created_by=\"avia_inline_auto\" id=\"style-css-av-9snho-c456e056374e4307ad80d4faf332db58\">\n#top .av-special-heading.av-9snho-c456e056374e4307ad80d4faf332db58{\npadding-bottom:10px;\nfont-size:30px;\n}\nbody .av-special-heading.av-9snho-c456e056374e4307ad80d4faf332db58 .av-special-heading-tag .heading-char{\nfont-size:25px;\n}\n#top #wrap_all .av-special-heading.av-9snho-c456e056374e4307ad80d4faf332db58 .av-special-heading-tag{\nfont-size:30px;\n}\n.av-special-heading.av-9snho-c456e056374e4307ad80d4faf332db58 .av-subheading{\nfont-size:15px;\n}\n<\/style>\n<div  class='av-special-heading av-9snho-c456e056374e4307ad80d4faf332db58 av-special-heading-h3 blockquote modern-quote  avia-builder-el-6  el_after_av_textblock  el_before_av_textblock  av-inherit-size'><h3 class='av-special-heading-tag'  itemprop=\"headline\"  >Privacidad:<\/h3><div class=\"special-heading-border\"><div class=\"special-heading-inner-border\"><\/div><\/div><\/div><br \/>\n<section  class='av_textblock_section av-2l972k-7a36f92e2058e8972a8dd98660bc78c7'  itemscope=\"itemscope\" itemtype=\"https:\/\/schema.org\/CreativeWork\" ><div class='avia_textblock'  itemprop=\"text\" ><p>Tus datos personales (nombre e email) ser\u00e1n utilizados y guardados \u00fanicamente para contactar contigo, y en ning\u00fan caso se ceder\u00e1n a terceros, ni ser\u00e1n utilizados para enviarte publicidad o correos no deseados. Puedes consultar m\u00e1s detalles en la p\u00e1gina de <a href=\"http:\/\/fundacionmargaritabocio.org\/es\/politica-de-privacidad\/\">Pol\u00edtica de Privacidad<\/a>.<\/p>\n<\/div><\/section><\/p><\/div>\n<style type=\"text\/css\" data-created_by=\"avia_inline_auto\" id=\"style-css-av-2d0r04-9b6cccba8ff0b606999a36dafd3d6405\">\n.flex_column.av-2d0r04-9b6cccba8ff0b606999a36dafd3d6405{\nborder-radius:0px 0px 0px 0px;\n-webkit-border-radius:0px 0px 0px 0px;\n-moz-border-radius:0px 0px 0px 0px;\n}\n<\/style>\n<div class='flex_column av-2d0r04-9b6cccba8ff0b606999a36dafd3d6405 av_one_half  avia-builder-el-8  el_after_av_one_half  avia-builder-el-last  flex_column_div av-zero-column-padding '   ><section  class='av_textblock_section av-kn1jxvy3-5cc518a83ebd1ce750d6f64949a8f5e4'  itemscope=\"itemscope\" itemtype=\"https:\/\/schema.org\/CreativeWork\" ><div class='avia_textblock'  itemprop=\"text\" >\n<div class=\"wpcf7 no-js\" id=\"wpcf7-f1699-o1\" lang=\"es-ES\" dir=\"ltr\">\n<div class=\"screen-reader-response\"><p role=\"status\" aria-live=\"polite\" aria-atomic=\"true\"><\/p> <ul><\/ul><\/div>\n<form action=\"\/es\/wp-json\/wp\/v2\/pages\/498#wpcf7-f1699-o1\" method=\"post\" class=\"wpcf7-form init\" aria-label=\"Formulario de contacto\" novalidate=\"novalidate\" data-status=\"init\">\n<div style=\"display: none;\">\n<input type=\"hidden\" name=\"_wpcf7\" value=\"1699\" \/>\n<input type=\"hidden\" name=\"_wpcf7_version\" value=\"5.7.4\" \/>\n<input type=\"hidden\" name=\"_wpcf7_locale\" value=\"es_ES\" \/>\n<input type=\"hidden\" name=\"_wpcf7_unit_tag\" value=\"wpcf7-f1699-o1\" \/>\n<input type=\"hidden\" name=\"_wpcf7_container_post\" value=\"0\" \/>\n<input type=\"hidden\" name=\"_wpcf7_posted_data_hash\" value=\"\" \/>\n<input type=\"hidden\" name=\"_wpcf7cf_hidden_group_fields\" value=\"[]\" \/>\n<input type=\"hidden\" name=\"_wpcf7cf_hidden_groups\" value=\"[]\" \/>\n<input type=\"hidden\" name=\"_wpcf7cf_visible_groups\" value=\"[]\" \/>\n<input type=\"hidden\" name=\"_wpcf7cf_repeaters\" value=\"[]\" \/>\n<input type=\"hidden\" name=\"_wpcf7cf_steps\" value=\"{}\" \/>\n<input type=\"hidden\" name=\"_wpcf7cf_options\" value=\"{&quot;form_id&quot;:1699,&quot;conditions&quot;:[{&quot;and_rules&quot;:[{&quot;if_field&quot;:&quot;&quot;,&quot;operator&quot;:&quot;equals&quot;,&quot;if_value&quot;:&quot;Pago peri\\u00f3dico&quot;}]}],&quot;settings&quot;:{&quot;animation&quot;:&quot;yes&quot;,&quot;animation_intime&quot;:200,&quot;animation_outtime&quot;:200,&quot;conditions_ui&quot;:&quot;normal&quot;,&quot;notice_dismissed&quot;:false}}\" \/>\n<\/div>\n<p><label> Nombre y Apellidos<br \/>\n<span class=\"wpcf7-form-control-wrap\" data-name=\"tu-nombre\"><input size=\"40\" class=\"wpcf7-form-control wpcf7-text wpcf7-validates-as-required\" aria-required=\"true\" aria-invalid=\"false\" value=\"\" type=\"text\" name=\"tu-nombre\" \/><\/span> <\/label>\n<\/p>\n<p><label> Correo electr\u00f3nico<br \/>\n<span class=\"wpcf7-form-control-wrap\" data-name=\"tu-email\"><input size=\"40\" class=\"wpcf7-form-control wpcf7-text wpcf7-email wpcf7-validates-as-required wpcf7-validates-as-email\" aria-required=\"true\" aria-invalid=\"false\" value=\"\" type=\"email\" name=\"tu-email\" \/><\/span> <\/label>\n<\/p>\n<p><label> Asunto<br \/>\n<span class=\"wpcf7-form-control-wrap\" data-name=\"tu-asunto\"><input size=\"40\" class=\"wpcf7-form-control wpcf7-text wpcf7-validates-as-required\" aria-required=\"true\" aria-invalid=\"false\" value=\"\" type=\"text\" name=\"tu-asunto\" \/><\/span> <\/label>\n<\/p>\n<p><label> Mensaje<br \/>\n<span class=\"wpcf7-form-control-wrap\" data-name=\"tu-mensaje\"><textarea cols=\"40\" rows=\"10\" class=\"wpcf7-form-control wpcf7-textarea wpcf7-validates-as-required\" aria-required=\"true\" aria-invalid=\"false\" name=\"tu-mensaje\"><\/textarea><\/span> <\/label>\n<\/p>\n<p><span class=\"wpcf7-form-control-wrap\" data-name=\"acceptance-LOPD\"><span class=\"wpcf7-form-control wpcf7-acceptance\"><span class=\"wpcf7-list-item\"><label><input type=\"checkbox\" name=\"acceptance-LOPD\" value=\"1\" aria-invalid=\"false\" \/><span class=\"wpcf7-list-item-label\">He le\u00eddo y acepto los <a href=\"http:\/\/fundacionmargaritabocio.org\/es\/politica-de-privacidad\/\" target=\"_blank\"> t\u00e9rminos y condiciones<\/a><\/span><\/label><\/span><\/span><\/span>\n<\/p>\n<p><input class=\"wpcf7-form-control has-spinner wpcf7-submit\" type=\"submit\" value=\"Enviar\" \/>\n<\/p><div class=\"wpcf7-response-output\" aria-hidden=\"true\"><\/div>\n<\/form>\n<\/div>\n\n<\/div><\/section><\/div>\n\n","protected":false},"excerpt":{"rendered":"","protected":false},"author":2,"featured_media":0,"parent":0,"menu_order":0,"comment_status":"closed","ping_status":"closed","template":"","meta":{"footnotes":""},"class_list":["post-498","page","type-page","status-publish","hentry"],"_links":{"self":[{"href":"https:\/\/fundacionmargaritabocio.org\/es\/wp-json\/wp\/v2\/pages\/498","targetHints":{"allow":["GET"]}}],"collection":[{"href":"https:\/\/fundacionmargaritabocio.org\/es\/wp-json\/wp\/v2\/pages"}],"about":[{"href":"https:\/\/fundacionmargaritabocio.org\/es\/wp-json\/wp\/v2\/types\/page"}],"author":[{"embeddable":true,"href":"https:\/\/fundacionmargaritabocio.org\/es\/wp-json\/wp\/v2\/users\/2"}],"replies":[{"embeddable":true,"href":"https:\/\/fundacionmargaritabocio.org\/es\/wp-json\/wp\/v2\/comments?post=498"}],"version-history":[{"count":74,"href":"https:\/\/fundacionmargaritabocio.org\/es\/wp-json\/wp\/v2\/pages\/498\/revisions"}],"predecessor-version":[{"id":1973,"href":"https:\/\/fundacionmargaritabocio.org\/es\/wp-json\/wp\/v2\/pages\/498\/revisions\/1973"}],"wp:attachment":[{"href":"https:\/\/fundacionmargaritabocio.org\/es\/wp-json\/wp\/v2\/media?parent=498"}],"curies":[{"name":"wp","href":"https:\/\/api.w.org\/{rel}","templated":true}]}}